{"id":618,"date":"2024-03-18T11:30:02","date_gmt":"2024-03-18T11:30:02","guid":{"rendered":"https:\/\/fincaalmatierra.com\/?page_id=618"},"modified":"2024-04-24T18:10:49","modified_gmt":"2024-04-24T17:10:49","slug":"terms-and-conditions","status":"publish","type":"page","link":"https:\/\/fincaalmatierra.com\/de\/terms-and-conditions\/","title":{"rendered":"Allgemeine Gesch\u00e4ftsbedingungen"},"content":{"rendered":"<div data-elementor-type=\"wp-page\" data-elementor-id=\"618\" class=\"elementor elementor-618\" data-elementor-post-type=\"page\">\n\t\t\t\t<div class=\"elementor-element elementor-element-1d7e0b3 e-flex e-con-boxed e-con e-parent\" data-id=\"1d7e0b3\" data-element_type=\"container\" data-e-type=\"container\">\n\t\t\t\t\t<div class=\"e-con-inner\">\n\t\t\t\t<div class=\"elementor-element elementor-element-d66b5d9 elementor-widget elementor-widget-heading\" data-id=\"d66b5d9\" data-element_type=\"widget\" data-e-type=\"widget\" data-widget_type=\"heading.default\">\n\t\t\t\t<div class=\"elementor-widget-container\">\n\t\t\t\t\t<h2 class=\"elementor-heading-title elementor-size-default\">Allgemeine Gesch\u00e4ftsbedingungen<\/h2>\t\t\t\t<\/div>\n\t\t\t\t<\/div>\n\t\t\t\t<div class=\"elementor-element elementor-element-6af3e74 elementor-widget elementor-widget-text-editor\" data-id=\"6af3e74\" data-element_type=\"widget\" data-e-type=\"widget\" data-widget_type=\"text-editor.default\">\n\t\t\t\t<div class=\"elementor-widget-container\">\n\t\t\t\t\t\t\t\t\t<h6>Uso del equipamiento:<\/h6><p>Todos los hu\u00e9spedes son responsables del uso seguro y adecuado de cualquier equipo en la propiedad, incluyendo la piscina, la pista de tenis y las instalaciones de barbacoa. El propietario no se hace responsable de ning\u00fan accidente o lesi\u00f3n que pueda ocurrir mientras se utilizan estas comodidades.<\/p><h6>Seguridad en la piscina:<\/h6><p>Los hu\u00e9spedes deben ser conscientes de que nadan bajo su propio riesgo. Las personas que no sepan nadar deben abstenerse de usar la piscina. Adem\u00e1s, los hu\u00e9spedes al\u00e9rgicos a cualquier sustancia de la piscina deben evitar nadar.<\/p><h6>Estacionamiento de veh\u00edculos:<\/h6><p>El propietario no se hace responsable de los da\u00f1os que puedan ocurrir a los veh\u00edculos de los hu\u00e9spedes mientras est\u00e9n estacionados en la propiedad.<\/p><h6>Check-in and Check-out:<\/h6><p>Los fines de semana que no son tem\u00e1ticos, el horario de check-in es a las 2:00 PM y el de check-out es a las 12:00 PM. Para los fines de semana tem\u00e1ticos, el check-in es a las 5:00 PM.<\/p><h6>Derechos de reservaci\u00f3n:<\/h6><p>El propietario se reserva el derecho de rechazar reservas y puede solicitar a los hu\u00e9spedes que abandonen las instalaciones en caso de mal comportamiento o violaci\u00f3n de los t\u00e9rminos.<\/p><h6>Pol\u00edtica de mascotas:<\/h6><p>Se permiten mascotas en la villa, pero los hu\u00e9spedes deben contactar al anfitri\u00f3n antes de reservar para determinar si la mascota es adecuada para la propiedad. Ten en cuenta que la mascota y el gato del propietario ya residen en las instalaciones.<\/p><h6>Restricciones de edad:<\/h6><p>La villa es adecuada para adultos y ni\u00f1os mayores de 12 a\u00f1os. <strong>No se aceptan reservas que incluyan usuarios menores de esta edad<\/strong>.<\/p><h6>La pol\u00edtica de fumado:<\/h6><p>Fumar solo est\u00e1 permitido fuera de la casa. Fumar dentro de la villa est\u00e1 estrictamente prohibido.<\/p><h6>Residencia del anfitri\u00f3n:<\/h6><p>El anfitri\u00f3n reside en la propiedad para garantizar el mantenimiento de las \u00e1reas de ocio y jardines.<\/p><h6>Servicio de limpieza:<\/h6><p>El servicio de limpieza no est\u00e1 incluido en la tarifa de alquiler. Los hu\u00e9spedes son responsables de mantener la limpieza. El servicio de limpieza est\u00e1 disponible bajo petici\u00f3n por un cargo adicional de \u20ac10 por hora.<\/p><h6>Uso exclusivo de las Instalaciones:<\/h6><p>Die exklusive Nutzung der Einrichtungen ist den Bewohnern vorbehalten.<\/p><h6>Dep\u00f3sito de seguridad:<\/h6><p>Se puede requerir un dep\u00f3sito de seguridad al reservar para cubrir posibles da\u00f1os o tarifas de limpieza excesivas. Este dep\u00f3sito ser\u00e1 reembolsado despu\u00e9s de la estancia, siempre que no se produzcan da\u00f1os o infracciones de los t\u00e9rminos y condiciones.<\/p><h6>Pol\u00edtica de cancelaci\u00f3n:<\/h6><p>Los hu\u00e9spedes deben revisar la pol\u00edtica de cancelaci\u00f3n de la villa antes de reservar para entender cualquier tarifa o restricci\u00f3n asociada con cancelaciones o modificaciones de su reserva.<\/p>\t\t\t\t\t\t\t\t<\/div>\n\t\t\t\t<\/div>\n\t\t\t\t\t<\/div>\n\t\t\t\t<\/div>\n\t\t\t\t<\/div>","protected":false},"excerpt":{"rendered":"<p>T\u00e9rminos y Condiciones Uso del equipamiento: Todos los hu\u00e9spedes son responsables del uso seguro y adecuado de cualquier equipo en la propiedad, incluyendo la piscina, la pista de tenis y las instalaciones de barbacoa. El propietario no se hace responsable de ning\u00fan accidente o lesi\u00f3n que pueda ocurrir mientras se utilizan estas comodidades. Seguridad en [&hellip;]<\/p>\n","protected":false},"author":1,"featured_media":0,"parent":0,"menu_order":0,"comment_status":"closed","ping_status":"closed","template":"","meta":{"footnotes":""},"class_list":["post-618","page","type-page","status-publish","hentry"],"yoast_head":"<!-- This site is optimized with the Yoast SEO plugin v27.2 - https:\/\/yoast.com\/product\/yoast-seo-wordpress\/ -->\n<title>T\u00e9rminos y Condiciones - Finca Alma Tierra<\/title>\n<meta name=\"robots\" content=\"index, follow, max-snippet:-1, max-image-preview:large, max-video-preview:-1\" \/>\n<link rel=\"canonical\" href=\"https:\/\/fincaalmatierra.com\/de\/terms-and-conditions\/\" \/>\n<meta property=\"og:locale\" content=\"de_DE\" \/>\n<meta property=\"og:type\" content=\"article\" \/>\n<meta property=\"og:title\" content=\"T\u00e9rminos y Condiciones - Finca Alma Tierra\" \/>\n<meta property=\"og:description\" content=\"T\u00e9rminos y Condiciones Uso del equipamiento: Todos los hu\u00e9spedes son responsables del uso seguro y adecuado de cualquier equipo en la propiedad, incluyendo la piscina, la pista de tenis y las instalaciones de barbacoa. El propietario no se hace responsable de ning\u00fan accidente o lesi\u00f3n que pueda ocurrir mientras se utilizan estas comodidades. Seguridad en [&hellip;]\" \/>\n<meta property=\"og:url\" content=\"https:\/\/fincaalmatierra.com\/de\/terms-and-conditions\/\" \/>\n<meta property=\"og:site_name\" content=\"Finca Alma Tierra\" \/>\n<meta property=\"article:modified_time\" content=\"2024-04-24T17:10:49+00:00\" \/>\n<meta name=\"twitter:card\" content=\"summary_large_image\" \/>\n<meta name=\"twitter:label1\" content=\"Gesch\u00e4tzte Lesezeit\" \/>\n\t<meta name=\"twitter:data1\" content=\"2\u00a0Minuten\" \/>\n<script type=\"application\/ld+json\" class=\"yoast-schema-graph\">{\"@context\":\"https:\/\/schema.org\",\"@graph\":[{\"@type\":\"WebPage\",\"@id\":\"https:\/\/fincaalmatierra.com\/terms-and-conditions\/\",\"url\":\"https:\/\/fincaalmatierra.com\/terms-and-conditions\/\",\"name\":\"T\u00e9rminos y Condiciones - Finca Alma Tierra\",\"isPartOf\":{\"@id\":\"https:\/\/fincaalmatierra.com\/#website\"},\"datePublished\":\"2024-03-18T11:30:02+00:00\",\"dateModified\":\"2024-04-24T17:10:49+00:00\",\"breadcrumb\":{\"@id\":\"https:\/\/fincaalmatierra.com\/terms-and-conditions\/#breadcrumb\"},\"inLanguage\":\"de\",\"potentialAction\":[{\"@type\":\"ReadAction\",\"target\":[\"https:\/\/fincaalmatierra.com\/terms-and-conditions\/\"]}]},{\"@type\":\"BreadcrumbList\",\"@id\":\"https:\/\/fincaalmatierra.com\/terms-and-conditions\/#breadcrumb\",\"itemListElement\":[{\"@type\":\"ListItem\",\"position\":1,\"name\":\"Home\",\"item\":\"https:\/\/fincaalmatierra.com\/\"},{\"@type\":\"ListItem\",\"position\":2,\"name\":\"T\u00e9rminos y Condiciones\"}]},{\"@type\":\"WebSite\",\"@id\":\"https:\/\/fincaalmatierra.com\/#website\",\"url\":\"https:\/\/fincaalmatierra.com\/\",\"name\":\"Finca Alma Tierra\",\"description\":\"\",\"publisher\":{\"@id\":\"https:\/\/fincaalmatierra.com\/#organization\"},\"potentialAction\":[{\"@type\":\"SearchAction\",\"target\":{\"@type\":\"EntryPoint\",\"urlTemplate\":\"https:\/\/fincaalmatierra.com\/?s={search_term_string}\"},\"query-input\":{\"@type\":\"PropertyValueSpecification\",\"valueRequired\":true,\"valueName\":\"search_term_string\"}}],\"inLanguage\":\"de\"},{\"@type\":\"Organization\",\"@id\":\"https:\/\/fincaalmatierra.com\/#organization\",\"name\":\"Finca Alma Tierra\",\"url\":\"https:\/\/fincaalmatierra.com\/\",\"logo\":{\"@type\":\"ImageObject\",\"inLanguage\":\"de\",\"@id\":\"https:\/\/fincaalmatierra.com\/#\/schema\/logo\/image\/\",\"url\":\"https:\/\/fincaalmatierra.com\/wp-content\/uploads\/2024\/02\/Logo-White.png\",\"contentUrl\":\"https:\/\/fincaalmatierra.com\/wp-content\/uploads\/2024\/02\/Logo-White.png\",\"width\":250,\"height\":120,\"caption\":\"Finca Alma Tierra\"},\"image\":{\"@id\":\"https:\/\/fincaalmatierra.com\/#\/schema\/logo\/image\/\"}}]}<\/script>\n<!-- \/ Yoast SEO plugin. -->","yoast_head_json":{"title":"T\u00e9rminos y Condiciones - Finca Alma Tierra","robots":{"index":"index","follow":"follow","max-snippet":"max-snippet:-1","max-image-preview":"max-image-preview:large","max-video-preview":"max-video-preview:-1"},"canonical":"https:\/\/fincaalmatierra.com\/de\/terms-and-conditions\/","og_locale":"de_DE","og_type":"article","og_title":"T\u00e9rminos y Condiciones - Finca Alma Tierra","og_description":"T\u00e9rminos y Condiciones Uso del equipamiento: Todos los hu\u00e9spedes son responsables del uso seguro y adecuado de cualquier equipo en la propiedad, incluyendo la piscina, la pista de tenis y las instalaciones de barbacoa. El propietario no se hace responsable de ning\u00fan accidente o lesi\u00f3n que pueda ocurrir mientras se utilizan estas comodidades. Seguridad en [&hellip;]","og_url":"https:\/\/fincaalmatierra.com\/de\/terms-and-conditions\/","og_site_name":"Finca Alma Tierra","article_modified_time":"2024-04-24T17:10:49+00:00","twitter_card":"summary_large_image","twitter_misc":{"Gesch\u00e4tzte Lesezeit":"2\u00a0Minuten"},"schema":{"@context":"https:\/\/schema.org","@graph":[{"@type":"WebPage","@id":"https:\/\/fincaalmatierra.com\/terms-and-conditions\/","url":"https:\/\/fincaalmatierra.com\/terms-and-conditions\/","name":"T\u00e9rminos y Condiciones - Finca Alma Tierra","isPartOf":{"@id":"https:\/\/fincaalmatierra.com\/#website"},"datePublished":"2024-03-18T11:30:02+00:00","dateModified":"2024-04-24T17:10:49+00:00","breadcrumb":{"@id":"https:\/\/fincaalmatierra.com\/terms-and-conditions\/#breadcrumb"},"inLanguage":"de","potentialAction":[{"@type":"ReadAction","target":["https:\/\/fincaalmatierra.com\/terms-and-conditions\/"]}]},{"@type":"BreadcrumbList","@id":"https:\/\/fincaalmatierra.com\/terms-and-conditions\/#breadcrumb","itemListElement":[{"@type":"ListItem","position":1,"name":"Home","item":"https:\/\/fincaalmatierra.com\/"},{"@type":"ListItem","position":2,"name":"T\u00e9rminos y Condiciones"}]},{"@type":"WebSite","@id":"https:\/\/fincaalmatierra.com\/#website","url":"https:\/\/fincaalmatierra.com\/","name":"Finca Alma Tierra","description":"","publisher":{"@id":"https:\/\/fincaalmatierra.com\/#organization"},"potentialAction":[{"@type":"SearchAction","target":{"@type":"EntryPoint","urlTemplate":"https:\/\/fincaalmatierra.com\/?s={search_term_string}"},"query-input":{"@type":"PropertyValueSpecification","valueRequired":true,"valueName":"search_term_string"}}],"inLanguage":"de"},{"@type":"Organization","@id":"https:\/\/fincaalmatierra.com\/#organization","name":"Finca Alma Tierra","url":"https:\/\/fincaalmatierra.com\/","logo":{"@type":"ImageObject","inLanguage":"de","@id":"https:\/\/fincaalmatierra.com\/#\/schema\/logo\/image\/","url":"https:\/\/fincaalmatierra.com\/wp-content\/uploads\/2024\/02\/Logo-White.png","contentUrl":"https:\/\/fincaalmatierra.com\/wp-content\/uploads\/2024\/02\/Logo-White.png","width":250,"height":120,"caption":"Finca Alma Tierra"},"image":{"@id":"https:\/\/fincaalmatierra.com\/#\/schema\/logo\/image\/"}}]}},"_links":{"self":[{"href":"https:\/\/fincaalmatierra.com\/de\/wp-json\/wp\/v2\/pages\/618","targetHints":{"allow":["GET"]}}],"collection":[{"href":"https:\/\/fincaalmatierra.com\/de\/wp-json\/wp\/v2\/pages"}],"about":[{"href":"https:\/\/fincaalmatierra.com\/de\/wp-json\/wp\/v2\/types\/page"}],"author":[{"embeddable":true,"href":"https:\/\/fincaalmatierra.com\/de\/wp-json\/wp\/v2\/users\/1"}],"replies":[{"embeddable":true,"href":"https:\/\/fincaalmatierra.com\/de\/wp-json\/wp\/v2\/comments?post=618"}],"version-history":[{"count":0,"href":"https:\/\/fincaalmatierra.com\/de\/wp-json\/wp\/v2\/pages\/618\/revisions"}],"wp:attachment":[{"href":"https:\/\/fincaalmatierra.com\/de\/wp-json\/wp\/v2\/media?parent=618"}],"curies":[{"name":"wp","href":"https:\/\/api.w.org\/{rel}","templated":true}]}}